{"id":1535,"date":"2023-01-04T12:36:26","date_gmt":"2023-01-04T12:36:26","guid":{"rendered":"https:\/\/challenge-frejus.com\/?page_id=1535"},"modified":"2023-01-04T12:36:26","modified_gmt":"2023-01-04T12:36:26","slug":"prize-money","status":"publish","type":"page","link":"https:\/\/challenge-frejus.com\/fr\/prize-money\/","title":{"rendered":"PRIZE MONEY"},"content":{"rendered":"<div class=\"wpb-content-wrapper\">[vc_row][vc_column][vc_column_text css=\u00a0\u00bb.vc_custom_1672835265906{margin-bottom: 0px !important;}\u00a0\u00bb]\n<div class=\" vc_custom_1670951801304\">\n<div id=\"text-block-3\" class=\"mk-text-block jupiter-donut- \">\n<p><strong><em>CHALLENGE Fr\u00e9jus <\/em><\/strong>disposera d\u2019une dotation totale de 25.000 \u20ac distribu\u00e9e aux 8 premi\u00e8res athl\u00e8tes femmes et aux 8 premiers athl\u00e8tes hommes.<\/p>\n<p>Les dotations sont r\u00e9serv\u00e9es \u00e0 la division \u00e9lite\/pro. Vous devez d\u00e9tenir une licence pro avec Challenge Family pour \u00eatre admissible \u00e0 l\u2019une de ces dotations.<\/p>\n<table id=\"theTable\" class=\"footable table outerBorder footable-loaded isInnerColor\">\n<tbody>\n<tr class=\"footableEven\">\n<td><\/td>\n<td><strong>Homme<\/strong><\/td>\n<td><strong>Femme<\/strong><\/td>\n<\/tr>\n<tr class=\"footableOdd\">\n<td>1st<\/td>\n<td>\u20ac 3.500<\/td>\n<td>\u20ac 3.500<\/td>\n<\/tr>\n<tr class=\"footableEven\">\n<td>2nd<\/td>\n<td>\u20ac 2.100<\/td>\n<td>\u20ac 2.100<\/td>\n<\/tr>\n<tr class=\"footableOdd\">\n<td>3rd<\/td>\n<td>\u20ac 1.400<\/td>\n<td>\u20ac 1.400<\/td>\n<\/tr>\n<tr class=\"footableEven\">\n<td>4th<\/td>\n<td>\u20ac 1.150<\/td>\n<td>\u20ac 1.150<\/td>\n<\/tr>\n<tr class=\"footableOdd\">\n<td>5th<\/td>\n<td>\u20ac 850<\/td>\n<td>\u20ac 850<\/td>\n<\/tr>\n<tr class=\"footableOdd\">\n<td>6th<\/td>\n<td>\u20ac 500<\/td>\n<td>\u20ac 500<\/td>\n<\/tr>\n<\/tbody>\n<\/table>\n<div class=\"clearboth\"><\/div>\n<\/div>\n<\/div>\n<div class=\" vc_custom_1671003631448\">\n<div id=\"text-block-4\" class=\"mk-text-block jupiter-donut- \">\n<p><em>Soit un total de 25.000 \u20ac. Les 6 000 \u20ac restants seront vers\u00e9s au\u00a0<strong>CHALLENGE<\/strong>FAMILY World Bonus.<\/em><\/p>\n<p><strong>Challenge Family Professional Athlete Slots<\/strong><\/p>\n<ul>\n<li>Une place pour chacun des cinq premiers coureurs professionnels \u00e0 toutes les courses Challenge Family de longue et moyenne distance en p\u00e9riode de qualification (5 places par course).<br \/>\nUne place pour chacune des cinq meilleures femmes au classement professionnel Challenge Family courses de fond et demi-distance (5 places par course).<\/li>\n<\/ul>\n<\/div>\n<\/div>\n[\/vc_column_text][\/vc_column][\/vc_row][vc_row][vc_column][mk_button dimension=\u00a0\u00bbflat\u00a0\u00bb corner_style=\u00a0\u00bbrounded\u00a0\u00bb size=\u00a0\u00bbmedium\u00a0\u00bb url=\u00a0\u00bbhttps:\/\/thechampionship.de\/\u00a0\u00bb target=\u00a0\u00bb_blank\u00a0\u00bb]THE CHAMPIONSHIP[\/mk_button][\/vc_column][\/vc_row]\n<\/div>","protected":false},"excerpt":{"rendered":"<p>[vc_row][vc_column][vc_column_text css=\u00a0\u00bb.vc_custom_1672835265906{margin-bottom: 0px !important;}\u00a0\u00bb] CHALLENGE Fr\u00e9jus disposera d\u2019une dotation totale de 25.000 \u20ac distribu\u00e9e aux 8 premi\u00e8res athl\u00e8tes femmes et aux 8 premiers athl\u00e8tes hommes. Les dotations sont r\u00e9serv\u00e9es \u00e0 la division \u00e9lite\/pro. Vous devez d\u00e9tenir une licence pro avec Challenge Family pour \u00eatre admissible \u00e0 l\u2019une de ces dotations. Homme Femme 1st \u20ac 3.500 [&hellip;]<\/p>\n","protected":false},"author":467,"featured_media":0,"parent":0,"menu_order":0,"comment_status":"closed","ping_status":"closed","template":"","meta":{"footnotes":""},"class_list":["post-1535","page","type-page","status-publish","hentry"],"yoast_head":"<!-- This site is optimized with the Yoast SEO plugin v25.6 - https:\/\/yoast.com\/wordpress\/plugins\/seo\/ -->\n<title>PRIZE MONEY - Challenge Frejus<\/title>\n<meta name=\"robots\" content=\"index, follow, max-snippet:-1, max-image-preview:large, max-video-preview:-1\" \/>\n<link rel=\"canonical\" href=\"https:\/\/challenge-frejus.com\/fr\/prize-money\/\" \/>\n<meta property=\"og:locale\" content=\"fr_FR\" \/>\n<meta property=\"og:type\" content=\"article\" \/>\n<meta property=\"og:title\" content=\"PRIZE MONEY - Challenge Frejus\" \/>\n<meta property=\"og:description\" content=\"[vc_row][vc_column][vc_column_text css=\u00a0\u00bb.vc_custom_1672835265906{margin-bottom: 0px !important;}\u00a0\u00bb] CHALLENGE Fr\u00e9jus disposera d\u2019une dotation totale de 25.000 \u20ac distribu\u00e9e aux 8 premi\u00e8res athl\u00e8tes femmes et aux 8 premiers athl\u00e8tes hommes. Les dotations sont r\u00e9serv\u00e9es \u00e0 la division \u00e9lite\/pro. Vous devez d\u00e9tenir une licence pro avec Challenge Family pour \u00eatre admissible \u00e0 l\u2019une de ces dotations. Homme Femme 1st \u20ac 3.500 [&hellip;]\" \/>\n<meta property=\"og:url\" content=\"https:\/\/challenge-frejus.com\/fr\/prize-money\/\" \/>\n<meta property=\"og:site_name\" content=\"Challenge Frejus\" \/>\n<meta property=\"article:publisher\" content=\"https:\/\/www.facebook.com\/challengefrejus\/\" \/>\n<meta name=\"twitter:card\" content=\"summary_large_image\" \/>\n<meta name=\"twitter:label1\" content=\"Dur\u00e9e de lecture estim\u00e9e\" \/>\n\t<meta name=\"twitter:data1\" content=\"1 minute\" \/>\n<script type=\"application\/ld+json\" class=\"yoast-schema-graph\">{\"@context\":\"https:\/\/schema.org\",\"@graph\":[{\"@type\":\"WebPage\",\"@id\":\"https:\/\/challenge-frejus.com\/fr\/prize-money\/\",\"url\":\"https:\/\/challenge-frejus.com\/fr\/prize-money\/\",\"name\":\"PRIZE MONEY - Challenge Frejus\",\"isPartOf\":{\"@id\":\"https:\/\/challenge-frejus.com\/#website\"},\"datePublished\":\"2023-01-04T12:36:26+00:00\",\"breadcrumb\":{\"@id\":\"https:\/\/challenge-frejus.com\/fr\/prize-money\/#breadcrumb\"},\"inLanguage\":\"fr-FR\",\"potentialAction\":[{\"@type\":\"ReadAction\",\"target\":[\"https:\/\/challenge-frejus.com\/fr\/prize-money\/\"]}]},{\"@type\":\"BreadcrumbList\",\"@id\":\"https:\/\/challenge-frejus.com\/fr\/prize-money\/#breadcrumb\",\"itemListElement\":[{\"@type\":\"ListItem\",\"position\":1,\"name\":\"Home\",\"item\":\"https:\/\/challenge-frejus.com\/fr\/\"},{\"@type\":\"ListItem\",\"position\":2,\"name\":\"PRIZE MONEY\"}]},{\"@type\":\"WebSite\",\"@id\":\"https:\/\/challenge-frejus.com\/#website\",\"url\":\"https:\/\/challenge-frejus.com\/\",\"name\":\"Challenge Frejus\",\"description\":\"We are triathlon\",\"publisher\":{\"@id\":\"https:\/\/challenge-frejus.com\/#organization\"},\"potentialAction\":[{\"@type\":\"SearchAction\",\"target\":{\"@type\":\"EntryPoint\",\"urlTemplate\":\"https:\/\/challenge-frejus.com\/?s={search_term_string}\"},\"query-input\":{\"@type\":\"PropertyValueSpecification\",\"valueRequired\":true,\"valueName\":\"search_term_string\"}}],\"inLanguage\":\"fr-FR\"},{\"@type\":\"Organization\",\"@id\":\"https:\/\/challenge-frejus.com\/#organization\",\"name\":\"Challenge Frejus\",\"url\":\"https:\/\/challenge-frejus.com\/\",\"logo\":{\"@type\":\"ImageObject\",\"inLanguage\":\"fr-FR\",\"@id\":\"https:\/\/challenge-frejus.com\/#\/schema\/logo\/image\/\",\"url\":\"https:\/\/challenge-frejus.com\/wp-content\/uploads\/sites\/58\/2022\/11\/cf-horizontal-rgb-neg.png\",\"contentUrl\":\"https:\/\/challenge-frejus.com\/wp-content\/uploads\/sites\/58\/2022\/11\/cf-horizontal-rgb-neg.png\",\"width\":1279,\"height\":356,\"caption\":\"Challenge Frejus\"},\"image\":{\"@id\":\"https:\/\/challenge-frejus.com\/#\/schema\/logo\/image\/\"},\"sameAs\":[\"https:\/\/www.facebook.com\/challengefrejus\/\",\"https:\/\/www.instagram.com\/challengefrejus\/\"]}]}<\/script>\n<!-- \/ Yoast SEO plugin. -->","yoast_head_json":{"title":"PRIZE MONEY - Challenge Frejus","robots":{"index":"index","follow":"follow","max-snippet":"max-snippet:-1","max-image-preview":"max-image-preview:large","max-video-preview":"max-video-preview:-1"},"canonical":"https:\/\/challenge-frejus.com\/fr\/prize-money\/","og_locale":"fr_FR","og_type":"article","og_title":"PRIZE MONEY - Challenge Frejus","og_description":"[vc_row][vc_column][vc_column_text css=\u00a0\u00bb.vc_custom_1672835265906{margin-bottom: 0px !important;}\u00a0\u00bb] CHALLENGE Fr\u00e9jus disposera d\u2019une dotation totale de 25.000 \u20ac distribu\u00e9e aux 8 premi\u00e8res athl\u00e8tes femmes et aux 8 premiers athl\u00e8tes hommes. Les dotations sont r\u00e9serv\u00e9es \u00e0 la division \u00e9lite\/pro. Vous devez d\u00e9tenir une licence pro avec Challenge Family pour \u00eatre admissible \u00e0 l\u2019une de ces dotations. Homme Femme 1st \u20ac 3.500 [&hellip;]","og_url":"https:\/\/challenge-frejus.com\/fr\/prize-money\/","og_site_name":"Challenge Frejus","article_publisher":"https:\/\/www.facebook.com\/challengefrejus\/","twitter_card":"summary_large_image","twitter_misc":{"Dur\u00e9e de lecture estim\u00e9e":"1 minute"},"schema":{"@context":"https:\/\/schema.org","@graph":[{"@type":"WebPage","@id":"https:\/\/challenge-frejus.com\/fr\/prize-money\/","url":"https:\/\/challenge-frejus.com\/fr\/prize-money\/","name":"PRIZE MONEY - Challenge Frejus","isPartOf":{"@id":"https:\/\/challenge-frejus.com\/#website"},"datePublished":"2023-01-04T12:36:26+00:00","breadcrumb":{"@id":"https:\/\/challenge-frejus.com\/fr\/prize-money\/#breadcrumb"},"inLanguage":"fr-FR","potentialAction":[{"@type":"ReadAction","target":["https:\/\/challenge-frejus.com\/fr\/prize-money\/"]}]},{"@type":"BreadcrumbList","@id":"https:\/\/challenge-frejus.com\/fr\/prize-money\/#breadcrumb","itemListElement":[{"@type":"ListItem","position":1,"name":"Home","item":"https:\/\/challenge-frejus.com\/fr\/"},{"@type":"ListItem","position":2,"name":"PRIZE MONEY"}]},{"@type":"WebSite","@id":"https:\/\/challenge-frejus.com\/#website","url":"https:\/\/challenge-frejus.com\/","name":"Challenge Frejus","description":"We are triathlon","publisher":{"@id":"https:\/\/challenge-frejus.com\/#organization"},"potentialAction":[{"@type":"SearchAction","target":{"@type":"EntryPoint","urlTemplate":"https:\/\/challenge-frejus.com\/?s={search_term_string}"},"query-input":{"@type":"PropertyValueSpecification","valueRequired":true,"valueName":"search_term_string"}}],"inLanguage":"fr-FR"},{"@type":"Organization","@id":"https:\/\/challenge-frejus.com\/#organization","name":"Challenge Frejus","url":"https:\/\/challenge-frejus.com\/","logo":{"@type":"ImageObject","inLanguage":"fr-FR","@id":"https:\/\/challenge-frejus.com\/#\/schema\/logo\/image\/","url":"https:\/\/challenge-frejus.com\/wp-content\/uploads\/sites\/58\/2022\/11\/cf-horizontal-rgb-neg.png","contentUrl":"https:\/\/challenge-frejus.com\/wp-content\/uploads\/sites\/58\/2022\/11\/cf-horizontal-rgb-neg.png","width":1279,"height":356,"caption":"Challenge Frejus"},"image":{"@id":"https:\/\/challenge-frejus.com\/#\/schema\/logo\/image\/"},"sameAs":["https:\/\/www.facebook.com\/challengefrejus\/","https:\/\/www.instagram.com\/challengefrejus\/"]}]}},"_links":{"self":[{"href":"https:\/\/challenge-frejus.com\/fr\/wp-json\/wp\/v2\/pages\/1535"}],"collection":[{"href":"https:\/\/challenge-frejus.com\/fr\/wp-json\/wp\/v2\/pages"}],"about":[{"href":"https:\/\/challenge-frejus.com\/fr\/wp-json\/wp\/v2\/types\/page"}],"author":[{"embeddable":true,"href":"https:\/\/challenge-frejus.com\/fr\/wp-json\/wp\/v2\/users\/467"}],"replies":[{"embeddable":true,"href":"https:\/\/challenge-frejus.com\/fr\/wp-json\/wp\/v2\/comments?post=1535"}],"version-history":[{"count":1,"href":"https:\/\/challenge-frejus.com\/fr\/wp-json\/wp\/v2\/pages\/1535\/revisions"}],"predecessor-version":[{"id":1536,"href":"https:\/\/challenge-frejus.com\/fr\/wp-json\/wp\/v2\/pages\/1535\/revisions\/1536"}],"wp:attachment":[{"href":"https:\/\/challenge-frejus.com\/fr\/wp-json\/wp\/v2\/media?parent=1535"}],"curies":[{"name":"wp","href":"https:\/\/api.w.org\/{rel}","templated":true}]}}