{"id":1188,"date":"2022-11-15T21:17:41","date_gmt":"2022-11-15T21:17:41","guid":{"rendered":"https:\/\/www.challenge-family.com\/frejus\/?page_id=1188"},"modified":"2023-03-22T17:31:43","modified_gmt":"2023-03-22T17:31:43","slug":"sejour-et-hebergement","status":"publish","type":"page","link":"https:\/\/challenge-frejus.com\/fr\/information-sur-les-courses\/sejour-et-hebergement\/","title":{"rendered":"S\u00e9jour et h\u00e9bergement"},"content":{"rendered":"<div class=\"wpb-content-wrapper\">[vc_row css=\u00a0\u00bb.vc_custom_1679506170266{margin-bottom: 60px !important;}\u00a0\u00bb][vc_column][vc_column_text css=\u00a0\u00bb.vc_custom_1679506301713{margin-bottom: 0px !important;}\u00a0\u00bb]\n<h3>Partenaire<\/h3>\n<h5><img loading=\"lazy\" decoding=\"async\" class=\"alignnone size-medium wp-image-1720\" src=\"https:\/\/challenge-frejus.com\/wp-content\/uploads\/sites\/58\/2023\/03\/calque_1-300x65.png\" alt=\"\" width=\"300\" height=\"65\" srcset=\"https:\/\/challenge-frejus.com\/wp-content\/uploads\/sites\/58\/2023\/03\/calque_1-300x65.png 300w, https:\/\/challenge-frejus.com\/wp-content\/uploads\/sites\/58\/2023\/03\/calque_1.png 656w\" sizes=\"(max-width: 300px) 100vw, 300px\" \/><\/h5>\n<p>&nbsp;<\/p>\n<h5>CHARME PROVEN\u00c7AL ET DOUCEUR DE VIVRE SONT LES MA\u00ceTRES-MOTS DE NOS DEUX LIEUX DE VACANCES NICH\u00c9S DANS UN \u00c9CRIN DE VERDURE \u00c0 ROQUEBRUNE-SUR-ARGENS.<\/h5>\n<p>Disposant d\u2019une situation exceptionnelle dans le Var, le Domaine de la Bergerie et le Jas de P\u00e9brier constituent une destination de choix pour un s\u00e9jour en famille et entre amis sur la c\u00f4te d\u2019Azur.<br \/>\nAdeptes du camping traditionnel, vous serez s\u00e9duits par les emplacements et locations de mobil-homes et cottages du Domaine de la Bergerie. Am\u00e9nag\u00e9s sur un domaine de 60 hectares o\u00f9 se c\u00f4toient eucalyptus, pins et ch\u00eanes li\u00e8ges, nos h\u00e9bergements de plein air vous promettent un s\u00e9jour m\u00e9morable sous le beau soleil varois. Vous profitez pleinement d\u2019un cadre d\u2019exception o\u00f9 se m\u00ealent convivialit\u00e9 et ambiance familiale, associ\u00e9es aux prestations 5 \u00e9toiles de notre camping avec parc aquatique.<\/p>\n<div><strong>Nous vous proposons -10% avec le code promo CHAL2023 pour tout s\u00e9jour de 2 nuits minimum du 10 au 16 mai 2023 au Domaine de la Bergerie.<\/strong><u><\/u><u><\/u><\/div>\n<p><a href=\"https:\/\/bookingpremium.secureholiday.net\/fr\/490\/\">En r\u00e9servant sur notre site<\/a>[\/vc_column_text][\/vc_column][\/vc_row][vc_row el_class=\u00a0\u00bbtime-schedule\u00a0\u00bb][vc_column][vc_column_text css=\u00a0\u00bb.vc_custom_1679506283928{margin-bottom: 0px !important;}\u00a0\u00bb]\n<h3>BASE NATURE FRANCOIS\u00a0LEOTARD : UN ESPACE NATUREL PROT\u00c9G\u00c9<\/h3>\n<p><u><\/u>Challenge Fr\u00e9jus pose ses valises sur la Base Nature, v\u00e9ritable poumon vert de la c\u00f4te d\u2019Azur poss\u00e8de sa plage publique ouverte toute l\u2019ann\u00e9e.<\/p>\n<p>Une plage de sable fin de 1,5 km, bord\u00e9e d\u2019une promenade ourl\u00e9e de palmiers ou surplomb\u00e9e d\u2019un sentier.<\/p>\n<p>La Base Nature Fran\u00e7ois L\u00e9otard est un espace de libert\u00e9 de 135 hectares en bord de mer.<\/p>\n<p>85 hectares sont constitu\u00e9s d\u2019espaces naturels prot\u00e9g\u00e9s pour les amoureux de plein air, le reste \u00e9tant destin\u00e9 \u00e0 des activit\u00e9s de sports et de loisirs.<\/p>\n<p>Fr\u00e9jus est une ville Fran\u00e7aise situ\u00e9e dans le d\u00e9partement du Var en r\u00e9gion Provence -Alpes -C\u00f4te d&rsquo;Azur[\/vc_column_text][mk_button dimension=\u00a0\u00bbflat\u00a0\u00bb size=\u00a0\u00bblarge\u00a0\u00bb url=\u00a0\u00bbhttps:\/\/frejus.fr\/liste-hebergements\/\u00a0\u00bb]Office du tourisme de Fr\u00e9jus[\/mk_button][\/vc_column][\/vc_row][vc_row el_class=\u00a0\u00bbtime-schedule\u00a0\u00bb][vc_column][vc_raw_html]JTNDaWZyYW1lJTIwdGl0bGUlM0QlMjJBY2NvbW9kYXRpb24lMjBXaWRnZXQlMjIlMjBzcmMlM0QlMjJodHRwcyUzQSUyRiUyRnN0YXkyMi5jb20lMkZlbWJlZCUyRmdtJTNGYWlkJTNEd2l4JTI2YW1wJTNCaGlkZWJyYW5kbG9nbyUzRHRydWUlMjZhbXAlM0JoaWRlc2hhcmUlM0R0cnVlJTI2YW1wJTNCaGlkZWhlYXRtYXAlM0R0cnVlJTI2YW1wJTNCYWRkcmVzcyUzREJhc2UlMjBuYXR1cmUlMjBkZSUyMGZyJUMzJUE5anVzJTI2YW1wJTNCbWFwc3R5bGUlM0RkZWZhdWx0JTI2YW1wJTNCZXZlbnRzdGFydCUzRDE2NTIzOTI4MDAlMjZhbXAlM0JldmVudGVuZCUzRDE2NTI1NjU2MDAlMjZhbXAlM0JuYXZiYXJjb2xvciUzRDAwMDAwMCUyNmFtcCUzQiUyMiUyMHN0eWxlJTNEJTIyd2lkdGglM0ElMjAxMDAlMjUlM0IlMjBoZWlnaHQlM0ElMjA1MDBweCUzQiUyMiUyMGZyYW1lYm9yZGVyJTNEJTIyMCUyMiUzRSUzQyUyRmlmcmFtZSUzRQ==[\/vc_raw_html][\/vc_column][\/vc_row]\n<\/div>","protected":false},"excerpt":{"rendered":"<p>[vc_row css=\u00a0\u00bb.vc_custom_1679506170266{margin-bottom: 60px !important;}\u00a0\u00bb][vc_column][vc_column_text css=\u00a0\u00bb.vc_custom_1679506301713{margin-bottom: 0px !important;}\u00a0\u00bb] Partenaire &nbsp; CHARME PROVEN\u00c7AL ET DOUCEUR DE VIVRE SONT LES MA\u00ceTRES-MOTS DE NOS DEUX LIEUX DE VACANCES NICH\u00c9S DANS UN \u00c9CRIN DE VERDURE \u00c0 ROQUEBRUNE-SUR-ARGENS. Disposant d\u2019une situation exceptionnelle dans le Var, le Domaine de la Bergerie et le Jas de P\u00e9brier constituent une destination de choix pour [&hellip;]<\/p>\n","protected":false},"author":467,"featured_media":0,"parent":1143,"menu_order":0,"comment_status":"closed","ping_status":"closed","template":"","meta":{"footnotes":""},"class_list":["post-1188","page","type-page","status-publish","hentry"],"yoast_head":"<!-- This site is optimized with the Yoast SEO plugin v25.6 - https:\/\/yoast.com\/wordpress\/plugins\/seo\/ -->\n<title>S\u00e9jour et h\u00e9bergement - Challenge Frejus<\/title>\n<meta name=\"robots\" content=\"index, follow, max-snippet:-1, max-image-preview:large, max-video-preview:-1\" \/>\n<link rel=\"canonical\" href=\"https:\/\/challenge-frejus.com\/fr\/information-sur-les-courses\/sejour-et-hebergement\/\" \/>\n<meta property=\"og:locale\" content=\"fr_FR\" \/>\n<meta property=\"og:type\" content=\"article\" \/>\n<meta property=\"og:title\" content=\"S\u00e9jour et h\u00e9bergement - Challenge Frejus\" \/>\n<meta property=\"og:description\" content=\"[vc_row css=\u00a0\u00bb.vc_custom_1679506170266{margin-bottom: 60px !important;}\u00a0\u00bb][vc_column][vc_column_text css=\u00a0\u00bb.vc_custom_1679506301713{margin-bottom: 0px !important;}\u00a0\u00bb] Partenaire &nbsp; CHARME PROVEN\u00c7AL ET DOUCEUR DE VIVRE SONT LES MA\u00ceTRES-MOTS DE NOS DEUX LIEUX DE VACANCES NICH\u00c9S DANS UN \u00c9CRIN DE VERDURE \u00c0 ROQUEBRUNE-SUR-ARGENS. Disposant d\u2019une situation exceptionnelle dans le Var, le Domaine de la Bergerie et le Jas de P\u00e9brier constituent une destination de choix pour [&hellip;]\" \/>\n<meta property=\"og:url\" content=\"https:\/\/challenge-frejus.com\/fr\/information-sur-les-courses\/sejour-et-hebergement\/\" \/>\n<meta property=\"og:site_name\" content=\"Challenge Frejus\" \/>\n<meta property=\"article:publisher\" content=\"https:\/\/www.facebook.com\/challengefrejus\/\" \/>\n<meta property=\"article:modified_time\" content=\"2023-03-22T17:31:43+00:00\" \/>\n<meta property=\"og:image\" content=\"https:\/\/challenge-frejus.com\/wp-content\/uploads\/sites\/58\/2023\/03\/calque_1-300x65.png\" \/>\n<meta name=\"twitter:card\" content=\"summary_large_image\" \/>\n<meta name=\"twitter:label1\" content=\"Dur\u00e9e de lecture estim\u00e9e\" \/>\n\t<meta name=\"twitter:data1\" content=\"2 minutes\" \/>\n<script type=\"application\/ld+json\" class=\"yoast-schema-graph\">{\"@context\":\"https:\/\/schema.org\",\"@graph\":[{\"@type\":\"WebPage\",\"@id\":\"https:\/\/challenge-frejus.com\/fr\/information-sur-les-courses\/sejour-et-hebergement\/\",\"url\":\"https:\/\/challenge-frejus.com\/fr\/information-sur-les-courses\/sejour-et-hebergement\/\",\"name\":\"S\u00e9jour et h\u00e9bergement - Challenge Frejus\",\"isPartOf\":{\"@id\":\"https:\/\/challenge-frejus.com\/#website\"},\"primaryImageOfPage\":{\"@id\":\"https:\/\/challenge-frejus.com\/fr\/information-sur-les-courses\/sejour-et-hebergement\/#primaryimage\"},\"image\":{\"@id\":\"https:\/\/challenge-frejus.com\/fr\/information-sur-les-courses\/sejour-et-hebergement\/#primaryimage\"},\"thumbnailUrl\":\"https:\/\/challenge-frejus.com\/wp-content\/uploads\/sites\/58\/2023\/03\/calque_1-300x65.png\",\"datePublished\":\"2022-11-15T21:17:41+00:00\",\"dateModified\":\"2023-03-22T17:31:43+00:00\",\"breadcrumb\":{\"@id\":\"https:\/\/challenge-frejus.com\/fr\/information-sur-les-courses\/sejour-et-hebergement\/#breadcrumb\"},\"inLanguage\":\"fr-FR\",\"potentialAction\":[{\"@type\":\"ReadAction\",\"target\":[\"https:\/\/challenge-frejus.com\/fr\/information-sur-les-courses\/sejour-et-hebergement\/\"]}]},{\"@type\":\"ImageObject\",\"inLanguage\":\"fr-FR\",\"@id\":\"https:\/\/challenge-frejus.com\/fr\/information-sur-les-courses\/sejour-et-hebergement\/#primaryimage\",\"url\":\"https:\/\/challenge-frejus.com\/wp-content\/uploads\/sites\/58\/2023\/03\/calque_1-300x65.png\",\"contentUrl\":\"https:\/\/challenge-frejus.com\/wp-content\/uploads\/sites\/58\/2023\/03\/calque_1-300x65.png\"},{\"@type\":\"BreadcrumbList\",\"@id\":\"https:\/\/challenge-frejus.com\/fr\/information-sur-les-courses\/sejour-et-hebergement\/#breadcrumb\",\"itemListElement\":[{\"@type\":\"ListItem\",\"position\":1,\"name\":\"Home\",\"item\":\"https:\/\/challenge-frejus.com\/fr\/\"},{\"@type\":\"ListItem\",\"position\":2,\"name\":\"Information sur les courses\",\"item\":\"https:\/\/challenge-frejus.com\/fr\/information-sur-les-courses\/\"},{\"@type\":\"ListItem\",\"position\":3,\"name\":\"S\u00e9jour et h\u00e9bergement\"}]},{\"@type\":\"WebSite\",\"@id\":\"https:\/\/challenge-frejus.com\/#website\",\"url\":\"https:\/\/challenge-frejus.com\/\",\"name\":\"Challenge Frejus\",\"description\":\"We are triathlon\",\"publisher\":{\"@id\":\"https:\/\/challenge-frejus.com\/#organization\"},\"potentialAction\":[{\"@type\":\"SearchAction\",\"target\":{\"@type\":\"EntryPoint\",\"urlTemplate\":\"https:\/\/challenge-frejus.com\/?s={search_term_string}\"},\"query-input\":{\"@type\":\"PropertyValueSpecification\",\"valueRequired\":true,\"valueName\":\"search_term_string\"}}],\"inLanguage\":\"fr-FR\"},{\"@type\":\"Organization\",\"@id\":\"https:\/\/challenge-frejus.com\/#organization\",\"name\":\"Challenge Frejus\",\"url\":\"https:\/\/challenge-frejus.com\/\",\"logo\":{\"@type\":\"ImageObject\",\"inLanguage\":\"fr-FR\",\"@id\":\"https:\/\/challenge-frejus.com\/#\/schema\/logo\/image\/\",\"url\":\"https:\/\/challenge-frejus.com\/wp-content\/uploads\/sites\/58\/2022\/11\/cf-horizontal-rgb-neg.png\",\"contentUrl\":\"https:\/\/challenge-frejus.com\/wp-content\/uploads\/sites\/58\/2022\/11\/cf-horizontal-rgb-neg.png\",\"width\":1279,\"height\":356,\"caption\":\"Challenge Frejus\"},\"image\":{\"@id\":\"https:\/\/challenge-frejus.com\/#\/schema\/logo\/image\/\"},\"sameAs\":[\"https:\/\/www.facebook.com\/challengefrejus\/\",\"https:\/\/www.instagram.com\/challengefrejus\/\"]}]}<\/script>\n<!-- \/ Yoast SEO plugin. -->","yoast_head_json":{"title":"S\u00e9jour et h\u00e9bergement - Challenge Frejus","robots":{"index":"index","follow":"follow","max-snippet":"max-snippet:-1","max-image-preview":"max-image-preview:large","max-video-preview":"max-video-preview:-1"},"canonical":"https:\/\/challenge-frejus.com\/fr\/information-sur-les-courses\/sejour-et-hebergement\/","og_locale":"fr_FR","og_type":"article","og_title":"S\u00e9jour et h\u00e9bergement - Challenge Frejus","og_description":"[vc_row css=\u00a0\u00bb.vc_custom_1679506170266{margin-bottom: 60px !important;}\u00a0\u00bb][vc_column][vc_column_text css=\u00a0\u00bb.vc_custom_1679506301713{margin-bottom: 0px !important;}\u00a0\u00bb] Partenaire &nbsp; CHARME PROVEN\u00c7AL ET DOUCEUR DE VIVRE SONT LES MA\u00ceTRES-MOTS DE NOS DEUX LIEUX DE VACANCES NICH\u00c9S DANS UN \u00c9CRIN DE VERDURE \u00c0 ROQUEBRUNE-SUR-ARGENS. Disposant d\u2019une situation exceptionnelle dans le Var, le Domaine de la Bergerie et le Jas de P\u00e9brier constituent une destination de choix pour [&hellip;]","og_url":"https:\/\/challenge-frejus.com\/fr\/information-sur-les-courses\/sejour-et-hebergement\/","og_site_name":"Challenge Frejus","article_publisher":"https:\/\/www.facebook.com\/challengefrejus\/","article_modified_time":"2023-03-22T17:31:43+00:00","og_image":[{"url":"https:\/\/challenge-frejus.com\/wp-content\/uploads\/sites\/58\/2023\/03\/calque_1-300x65.png","type":"","width":"","height":""}],"twitter_card":"summary_large_image","twitter_misc":{"Dur\u00e9e de lecture estim\u00e9e":"2 minutes"},"schema":{"@context":"https:\/\/schema.org","@graph":[{"@type":"WebPage","@id":"https:\/\/challenge-frejus.com\/fr\/information-sur-les-courses\/sejour-et-hebergement\/","url":"https:\/\/challenge-frejus.com\/fr\/information-sur-les-courses\/sejour-et-hebergement\/","name":"S\u00e9jour et h\u00e9bergement - Challenge Frejus","isPartOf":{"@id":"https:\/\/challenge-frejus.com\/#website"},"primaryImageOfPage":{"@id":"https:\/\/challenge-frejus.com\/fr\/information-sur-les-courses\/sejour-et-hebergement\/#primaryimage"},"image":{"@id":"https:\/\/challenge-frejus.com\/fr\/information-sur-les-courses\/sejour-et-hebergement\/#primaryimage"},"thumbnailUrl":"https:\/\/challenge-frejus.com\/wp-content\/uploads\/sites\/58\/2023\/03\/calque_1-300x65.png","datePublished":"2022-11-15T21:17:41+00:00","dateModified":"2023-03-22T17:31:43+00:00","breadcrumb":{"@id":"https:\/\/challenge-frejus.com\/fr\/information-sur-les-courses\/sejour-et-hebergement\/#breadcrumb"},"inLanguage":"fr-FR","potentialAction":[{"@type":"ReadAction","target":["https:\/\/challenge-frejus.com\/fr\/information-sur-les-courses\/sejour-et-hebergement\/"]}]},{"@type":"ImageObject","inLanguage":"fr-FR","@id":"https:\/\/challenge-frejus.com\/fr\/information-sur-les-courses\/sejour-et-hebergement\/#primaryimage","url":"https:\/\/challenge-frejus.com\/wp-content\/uploads\/sites\/58\/2023\/03\/calque_1-300x65.png","contentUrl":"https:\/\/challenge-frejus.com\/wp-content\/uploads\/sites\/58\/2023\/03\/calque_1-300x65.png"},{"@type":"BreadcrumbList","@id":"https:\/\/challenge-frejus.com\/fr\/information-sur-les-courses\/sejour-et-hebergement\/#breadcrumb","itemListElement":[{"@type":"ListItem","position":1,"name":"Home","item":"https:\/\/challenge-frejus.com\/fr\/"},{"@type":"ListItem","position":2,"name":"Information sur les courses","item":"https:\/\/challenge-frejus.com\/fr\/information-sur-les-courses\/"},{"@type":"ListItem","position":3,"name":"S\u00e9jour et h\u00e9bergement"}]},{"@type":"WebSite","@id":"https:\/\/challenge-frejus.com\/#website","url":"https:\/\/challenge-frejus.com\/","name":"Challenge Frejus","description":"We are triathlon","publisher":{"@id":"https:\/\/challenge-frejus.com\/#organization"},"potentialAction":[{"@type":"SearchAction","target":{"@type":"EntryPoint","urlTemplate":"https:\/\/challenge-frejus.com\/?s={search_term_string}"},"query-input":{"@type":"PropertyValueSpecification","valueRequired":true,"valueName":"search_term_string"}}],"inLanguage":"fr-FR"},{"@type":"Organization","@id":"https:\/\/challenge-frejus.com\/#organization","name":"Challenge Frejus","url":"https:\/\/challenge-frejus.com\/","logo":{"@type":"ImageObject","inLanguage":"fr-FR","@id":"https:\/\/challenge-frejus.com\/#\/schema\/logo\/image\/","url":"https:\/\/challenge-frejus.com\/wp-content\/uploads\/sites\/58\/2022\/11\/cf-horizontal-rgb-neg.png","contentUrl":"https:\/\/challenge-frejus.com\/wp-content\/uploads\/sites\/58\/2022\/11\/cf-horizontal-rgb-neg.png","width":1279,"height":356,"caption":"Challenge Frejus"},"image":{"@id":"https:\/\/challenge-frejus.com\/#\/schema\/logo\/image\/"},"sameAs":["https:\/\/www.facebook.com\/challengefrejus\/","https:\/\/www.instagram.com\/challengefrejus\/"]}]}},"_links":{"self":[{"href":"https:\/\/challenge-frejus.com\/fr\/wp-json\/wp\/v2\/pages\/1188"}],"collection":[{"href":"https:\/\/challenge-frejus.com\/fr\/wp-json\/wp\/v2\/pages"}],"about":[{"href":"https:\/\/challenge-frejus.com\/fr\/wp-json\/wp\/v2\/types\/page"}],"author":[{"embeddable":true,"href":"https:\/\/challenge-frejus.com\/fr\/wp-json\/wp\/v2\/users\/467"}],"replies":[{"embeddable":true,"href":"https:\/\/challenge-frejus.com\/fr\/wp-json\/wp\/v2\/comments?post=1188"}],"version-history":[{"count":8,"href":"https:\/\/challenge-frejus.com\/fr\/wp-json\/wp\/v2\/pages\/1188\/revisions"}],"predecessor-version":[{"id":1726,"href":"https:\/\/challenge-frejus.com\/fr\/wp-json\/wp\/v2\/pages\/1188\/revisions\/1726"}],"up":[{"embeddable":true,"href":"https:\/\/challenge-frejus.com\/fr\/wp-json\/wp\/v2\/pages\/1143"}],"wp:attachment":[{"href":"https:\/\/challenge-frejus.com\/fr\/wp-json\/wp\/v2\/media?parent=1188"}],"curies":[{"name":"wp","href":"https:\/\/api.w.org\/{rel}","templated":true}]}}