{"id":1182,"date":"2022-11-15T21:03:46","date_gmt":"2022-11-15T21:03:46","guid":{"rendered":"https:\/\/www.challenge-family.com\/frejus\/?page_id=1182"},"modified":"2023-05-10T07:44:43","modified_gmt":"2023-05-10T07:44:43","slug":"programme-du-challenge-frejus","status":"publish","type":"page","link":"https:\/\/challenge-frejus.com\/fr\/information-sur-les-courses\/programme-du-challenge-frejus\/","title":{"rendered":"Programme du Challenge Fr\u00e9jus"},"content":{"rendered":"<div class=\"wpb-content-wrapper\">[vc_row el_class=\u00a0\u00bbtime-schedule\u00a0\u00bb][vc_column][mk_table title=\u00a0\u00bbSamedi 13 Mai 2023&Prime;]\n<table>\n<thead>\n<tr>\n<th>Heure<\/th>\n<th>Activit\u00e9<\/th>\n<th>Localisation<\/th>\n<\/tr>\n<\/thead>\n<tbody>\n<tr>\n<td>7:00<\/td>\n<td>Ouverture Dossard Kids \/ S \/ M \/ L \u00a0\/ RM et R\u00e9cup\u00e9ration du Welcome Bag<br \/>\n+ puce<\/td>\n<td>Village exposants<\/td>\n<\/tr>\n<tr>\n<td>8:30<\/td>\n<td>D\u00e9part Challenge Kids 6-9 ans<\/td>\n<td>Plage base nature Francois L\u00e9otard<\/td>\n<\/tr>\n<tr>\n<td>9:00<\/td>\n<td>D\u00e9part Challenge Kids 10-11 ans<\/td>\n<td>Plage base nature Francois L\u00e9otard<\/td>\n<\/tr>\n<tr>\n<td>10:00<\/td>\n<td>D\u00e9part Challenge Jeunes 12-15 ans<\/td>\n<td>Plage base nature Francois L\u00e9otard<\/td>\n<\/tr>\n<tr>\n<td>9:00<\/td>\n<td>Ouverture village exposants<\/td>\n<td>Village exposants<\/td>\n<\/tr>\n<tr>\n<td>11:00<\/td>\n<td>Podium challenge Kids et Jeunes<\/td>\n<td>Village exposants<\/td>\n<\/tr>\n<tr>\n<td>13:00<\/td>\n<td>D\u00e9part Grand Prix D1 femmes fftri ( inscription sur le site de la FFTRI<br \/>\n)<\/td>\n<td>Plage base nature Francois L\u00e9otard<\/td>\n<\/tr>\n<tr>\n<td>16:00<\/td>\n<td>D\u00e9part Grand Prix D1 hommes fftri ( inscription sur le site de la FFTRI<br \/>\n)<\/td>\n<td>Plage base nature Francois L\u00e9otard<\/td>\n<\/tr>\n<tr>\n<td>16:30<\/td>\n<td>Ouverture et entr\u00e9e des v\u00e9los Parc \u00a0S<\/td>\n<td>Parc Distance (S)<\/td>\n<\/tr>\n<tr>\n<td>17:00<\/td>\n<td>Podium FFTRI GP<\/td>\n<td>Village exposants<\/td>\n<\/tr>\n<tr>\n<td>17:45<\/td>\n<td>Fermeture du parc \u00e0 velo S<\/td>\n<td>Parc Distance (S)<\/td>\n<\/tr>\n<tr>\n<td>17:50<\/td>\n<td>Briefing Challenge Distance S<\/td>\n<td>Plage base nature Francois L\u00e9otard<\/td>\n<\/tr>\n<tr>\n<td>18:00<\/td>\n<td>D\u00e9part Challenge S<\/td>\n<td>Plage base nature Francois L\u00e9otard<\/td>\n<\/tr>\n<tr>\n<td>20:00<\/td>\n<td>Podium S<\/td>\n<td>Village exposants<\/td>\n<\/tr>\n<tr>\n<td>20:00<\/td>\n<td>Fermeture village exposants et fermeture dossard et welcome bag<\/td>\n<td><\/td>\n<\/tr>\n<\/tbody>\n<\/table>\n<h4><strong><img loading=\"lazy\" decoding=\"async\" class=\"alignnone size-full wp-image-1640\" src=\"https:\/\/challenge-frejus.com\/wp-content\/uploads\/sites\/58\/2023\/03\/danger.png\" alt=\"\" width=\"32\" height=\"32\" srcset=\"https:\/\/challenge-frejus.com\/wp-content\/uploads\/sites\/58\/2023\/03\/danger.png 32w, https:\/\/challenge-frejus.com\/wp-content\/uploads\/sites\/58\/2023\/03\/danger-300x300.png 300w\" sizes=\"(max-width: 32px) 100vw, 32px\" \/><span style=\"color: #e2001a\"><br \/>\nAucun dossard ne sera donn\u00e9 le Dimanche 14 mai matin&lt;\/span &gt;&lt;\/strong &gt;<br \/>\n<\/span><\/strong><\/h4>\n[\/mk_table][\/vc_column][\/vc_row][vc_row el_class=\u00a0\u00bbtime-schedule\u00a0\u00bb][vc_column][mk_table title=\u00a0\u00bbDimanche 14 Mai 2023&Prime;]\n<table>\n<thead>\n<tr>\n<th>Heure<\/th>\n<th>Activit\u00e9<\/th>\n<th>Localisation<\/th>\n<\/tr>\n<\/thead>\n<tbody>\n<tr>\n<td>5:30-6:30<\/td>\n<td>Entr\u00e9e des v\u00e9los Parc Middle Distance (L)<\/td>\n<td>Parc Middle Distance (L)<\/td>\n<\/tr>\n<tr>\n<td>6:50<\/td>\n<td>Briefing Challenge Middle Distance (L)<\/td>\n<td>Plage base nature Francois L\u00e9otard<\/td>\n<\/tr>\n<tr>\n<td>7:00<\/td>\n<td>D\u00e9part Challenge Middle distance (L) Pro Male<\/td>\n<td>Plage base nature Francois L\u00e9otard<\/td>\n<\/tr>\n<tr>\n<td>7:05<\/td>\n<td>D\u00e9part Challenge Middle distance (L) Pro Female<\/td>\n<td>Plage base nature Francois L\u00e9otard<\/td>\n<\/tr>\n<tr>\n<td>7:10<\/td>\n<td>D\u00e9part Challenge Middle distance (L) Age group &amp; relay<\/td>\n<td>Plage base nature Francois L\u00e9otard<\/td>\n<\/tr>\n<tr>\n<td>7:00-8:00<\/td>\n<td>Entr\u00e9e des V\u00e9los Parc Distance Olympic (M)<\/td>\n<td>Parc Middle Distance (M)<\/td>\n<\/tr>\n<tr>\n<td>8:20<\/td>\n<td>Briefing Challenge Olympic Distance (M)<\/td>\n<td>Plage base nature Francois L\u00e9otard<\/td>\n<\/tr>\n<tr>\n<td>8:30<\/td>\n<td>D\u00e9part Challenge Olympic (M)<\/td>\n<td>Plage base nature Francois L\u00e9otard<\/td>\n<\/tr>\n<tr>\n<td>9:00<\/td>\n<td>Ouverture village exposants<\/td>\n<td>Village exposants<\/td>\n<\/tr>\n<tr>\n<td>13:00<\/td>\n<td>Podium Olympic Distance<\/td>\n<td>Village exposants<\/td>\n<\/tr>\n<tr>\n<td>15:00<\/td>\n<td>Podium Middle Distance<\/td>\n<td>Village exposants<\/td>\n<\/tr>\n<tr>\n<td>19:00<\/td>\n<td>Fermeture village exposants<\/td>\n<td><\/td>\n<\/tr>\n<\/tbody>\n<\/table>\n[\/mk_table][\/vc_column][\/vc_row]\n<\/div>","protected":false},"excerpt":{"rendered":"<p>[vc_row el_class=\u00a0\u00bbtime-schedule\u00a0\u00bb][vc_column][mk_table title=\u00a0\u00bbSamedi 13 Mai 2023&Prime;] Heure Activit\u00e9 Localisation 7:00 Ouverture Dossard Kids \/ S \/ M \/ L \u00a0\/ RM et R\u00e9cup\u00e9ration du Welcome Bag + puce Village exposants 8:30 D\u00e9part Challenge Kids 6-9 ans Plage base nature Francois L\u00e9otard 9:00 D\u00e9part Challenge Kids 10-11 ans Plage base nature Francois L\u00e9otard 10:00 D\u00e9part Challenge [&hellip;]<\/p>\n","protected":false},"author":467,"featured_media":0,"parent":1143,"menu_order":0,"comment_status":"closed","ping_status":"closed","template":"","meta":{"footnotes":""},"class_list":["post-1182","page","type-page","status-publish","hentry"],"yoast_head":"<!-- This site is optimized with the Yoast SEO plugin v25.6 - https:\/\/yoast.com\/wordpress\/plugins\/seo\/ -->\n<title>Programme du Challenge Fr\u00e9jus - Challenge Frejus<\/title>\n<meta name=\"robots\" content=\"index, follow, max-snippet:-1, max-image-preview:large, max-video-preview:-1\" \/>\n<link rel=\"canonical\" href=\"https:\/\/challenge-frejus.com\/fr\/information-sur-les-courses\/programme-du-challenge-frejus\/\" \/>\n<meta property=\"og:locale\" content=\"fr_FR\" \/>\n<meta property=\"og:type\" content=\"article\" \/>\n<meta property=\"og:title\" content=\"Programme du Challenge Fr\u00e9jus - Challenge Frejus\" \/>\n<meta property=\"og:description\" content=\"[vc_row el_class=\u00a0\u00bbtime-schedule\u00a0\u00bb][vc_column][mk_table title=\u00a0\u00bbSamedi 13 Mai 2023&Prime;] Heure Activit\u00e9 Localisation 7:00 Ouverture Dossard Kids \/ S \/ M \/ L \u00a0\/ RM et R\u00e9cup\u00e9ration du Welcome Bag + puce Village exposants 8:30 D\u00e9part Challenge Kids 6-9 ans Plage base nature Francois L\u00e9otard 9:00 D\u00e9part Challenge Kids 10-11 ans Plage base nature Francois L\u00e9otard 10:00 D\u00e9part Challenge [&hellip;]\" \/>\n<meta property=\"og:url\" content=\"https:\/\/challenge-frejus.com\/fr\/information-sur-les-courses\/programme-du-challenge-frejus\/\" \/>\n<meta property=\"og:site_name\" content=\"Challenge Frejus\" \/>\n<meta property=\"article:publisher\" content=\"https:\/\/www.facebook.com\/challengefrejus\/\" \/>\n<meta property=\"article:modified_time\" content=\"2023-05-10T07:44:43+00:00\" \/>\n<meta property=\"og:image\" content=\"https:\/\/challenge-frejus.com\/wp-content\/uploads\/sites\/58\/2023\/03\/danger.png\" \/>\n<meta name=\"twitter:card\" content=\"summary_large_image\" \/>\n<meta name=\"twitter:label1\" content=\"Dur\u00e9e de lecture estim\u00e9e\" \/>\n\t<meta name=\"twitter:data1\" content=\"2 minutes\" \/>\n<script type=\"application\/ld+json\" class=\"yoast-schema-graph\">{\"@context\":\"https:\/\/schema.org\",\"@graph\":[{\"@type\":\"WebPage\",\"@id\":\"https:\/\/challenge-frejus.com\/fr\/information-sur-les-courses\/programme-du-challenge-frejus\/\",\"url\":\"https:\/\/challenge-frejus.com\/fr\/information-sur-les-courses\/programme-du-challenge-frejus\/\",\"name\":\"Programme du Challenge Fr\u00e9jus - Challenge Frejus\",\"isPartOf\":{\"@id\":\"https:\/\/challenge-frejus.com\/fr\/#website\"},\"primaryImageOfPage\":{\"@id\":\"https:\/\/challenge-frejus.com\/fr\/information-sur-les-courses\/programme-du-challenge-frejus\/#primaryimage\"},\"image\":{\"@id\":\"https:\/\/challenge-frejus.com\/fr\/information-sur-les-courses\/programme-du-challenge-frejus\/#primaryimage\"},\"thumbnailUrl\":\"https:\/\/challenge-frejus.com\/wp-content\/uploads\/sites\/58\/2023\/03\/danger.png\",\"datePublished\":\"2022-11-15T21:03:46+00:00\",\"dateModified\":\"2023-05-10T07:44:43+00:00\",\"breadcrumb\":{\"@id\":\"https:\/\/challenge-frejus.com\/fr\/information-sur-les-courses\/programme-du-challenge-frejus\/#breadcrumb\"},\"inLanguage\":\"fr-FR\",\"potentialAction\":[{\"@type\":\"ReadAction\",\"target\":[\"https:\/\/challenge-frejus.com\/fr\/information-sur-les-courses\/programme-du-challenge-frejus\/\"]}]},{\"@type\":\"ImageObject\",\"inLanguage\":\"fr-FR\",\"@id\":\"https:\/\/challenge-frejus.com\/fr\/information-sur-les-courses\/programme-du-challenge-frejus\/#primaryimage\",\"url\":\"https:\/\/challenge-frejus.com\/wp-content\/uploads\/sites\/58\/2023\/03\/danger.png\",\"contentUrl\":\"https:\/\/challenge-frejus.com\/wp-content\/uploads\/sites\/58\/2023\/03\/danger.png\"},{\"@type\":\"BreadcrumbList\",\"@id\":\"https:\/\/challenge-frejus.com\/fr\/information-sur-les-courses\/programme-du-challenge-frejus\/#breadcrumb\",\"itemListElement\":[{\"@type\":\"ListItem\",\"position\":1,\"name\":\"Home\",\"item\":\"https:\/\/challenge-frejus.com\/fr\/\"},{\"@type\":\"ListItem\",\"position\":2,\"name\":\"Information sur les courses\",\"item\":\"https:\/\/challenge-frejus.com\/fr\/information-sur-les-courses\/\"},{\"@type\":\"ListItem\",\"position\":3,\"name\":\"Programme du Challenge Fr\u00e9jus\"}]},{\"@type\":\"WebSite\",\"@id\":\"https:\/\/challenge-frejus.com\/fr\/#website\",\"url\":\"https:\/\/challenge-frejus.com\/fr\/\",\"name\":\"Challenge Frejus\",\"description\":\"We are triathlon\",\"publisher\":{\"@id\":\"https:\/\/challenge-frejus.com\/fr\/#organization\"},\"potentialAction\":[{\"@type\":\"SearchAction\",\"target\":{\"@type\":\"EntryPoint\",\"urlTemplate\":\"https:\/\/challenge-frejus.com\/fr\/?s={search_term_string}\"},\"query-input\":{\"@type\":\"PropertyValueSpecification\",\"valueRequired\":true,\"valueName\":\"search_term_string\"}}],\"inLanguage\":\"fr-FR\"},{\"@type\":\"Organization\",\"@id\":\"https:\/\/challenge-frejus.com\/fr\/#organization\",\"name\":\"Challenge Frejus\",\"url\":\"https:\/\/challenge-frejus.com\/fr\/\",\"logo\":{\"@type\":\"ImageObject\",\"inLanguage\":\"fr-FR\",\"@id\":\"https:\/\/challenge-frejus.com\/fr\/#\/schema\/logo\/image\/\",\"url\":\"https:\/\/challenge-frejus.com\/wp-content\/uploads\/sites\/58\/2022\/11\/cf-horizontal-rgb-neg.png\",\"contentUrl\":\"https:\/\/challenge-frejus.com\/wp-content\/uploads\/sites\/58\/2022\/11\/cf-horizontal-rgb-neg.png\",\"width\":1279,\"height\":356,\"caption\":\"Challenge Frejus\"},\"image\":{\"@id\":\"https:\/\/challenge-frejus.com\/fr\/#\/schema\/logo\/image\/\"},\"sameAs\":[\"https:\/\/www.facebook.com\/challengefrejus\/\",\"https:\/\/www.instagram.com\/challengefrejus\/\"]}]}<\/script>\n<!-- \/ Yoast SEO plugin. -->","yoast_head_json":{"title":"Programme du Challenge Fr\u00e9jus - Challenge Frejus","robots":{"index":"index","follow":"follow","max-snippet":"max-snippet:-1","max-image-preview":"max-image-preview:large","max-video-preview":"max-video-preview:-1"},"canonical":"https:\/\/challenge-frejus.com\/fr\/information-sur-les-courses\/programme-du-challenge-frejus\/","og_locale":"fr_FR","og_type":"article","og_title":"Programme du Challenge Fr\u00e9jus - Challenge Frejus","og_description":"[vc_row el_class=\u00a0\u00bbtime-schedule\u00a0\u00bb][vc_column][mk_table title=\u00a0\u00bbSamedi 13 Mai 2023&Prime;] Heure Activit\u00e9 Localisation 7:00 Ouverture Dossard Kids \/ S \/ M \/ L \u00a0\/ RM et R\u00e9cup\u00e9ration du Welcome Bag + puce Village exposants 8:30 D\u00e9part Challenge Kids 6-9 ans Plage base nature Francois L\u00e9otard 9:00 D\u00e9part Challenge Kids 10-11 ans Plage base nature Francois L\u00e9otard 10:00 D\u00e9part Challenge [&hellip;]","og_url":"https:\/\/challenge-frejus.com\/fr\/information-sur-les-courses\/programme-du-challenge-frejus\/","og_site_name":"Challenge Frejus","article_publisher":"https:\/\/www.facebook.com\/challengefrejus\/","article_modified_time":"2023-05-10T07:44:43+00:00","og_image":[{"url":"https:\/\/challenge-frejus.com\/wp-content\/uploads\/sites\/58\/2023\/03\/danger.png","type":"","width":"","height":""}],"twitter_card":"summary_large_image","twitter_misc":{"Dur\u00e9e de lecture estim\u00e9e":"2 minutes"},"schema":{"@context":"https:\/\/schema.org","@graph":[{"@type":"WebPage","@id":"https:\/\/challenge-frejus.com\/fr\/information-sur-les-courses\/programme-du-challenge-frejus\/","url":"https:\/\/challenge-frejus.com\/fr\/information-sur-les-courses\/programme-du-challenge-frejus\/","name":"Programme du Challenge Fr\u00e9jus - Challenge Frejus","isPartOf":{"@id":"https:\/\/challenge-frejus.com\/fr\/#website"},"primaryImageOfPage":{"@id":"https:\/\/challenge-frejus.com\/fr\/information-sur-les-courses\/programme-du-challenge-frejus\/#primaryimage"},"image":{"@id":"https:\/\/challenge-frejus.com\/fr\/information-sur-les-courses\/programme-du-challenge-frejus\/#primaryimage"},"thumbnailUrl":"https:\/\/challenge-frejus.com\/wp-content\/uploads\/sites\/58\/2023\/03\/danger.png","datePublished":"2022-11-15T21:03:46+00:00","dateModified":"2023-05-10T07:44:43+00:00","breadcrumb":{"@id":"https:\/\/challenge-frejus.com\/fr\/information-sur-les-courses\/programme-du-challenge-frejus\/#breadcrumb"},"inLanguage":"fr-FR","potentialAction":[{"@type":"ReadAction","target":["https:\/\/challenge-frejus.com\/fr\/information-sur-les-courses\/programme-du-challenge-frejus\/"]}]},{"@type":"ImageObject","inLanguage":"fr-FR","@id":"https:\/\/challenge-frejus.com\/fr\/information-sur-les-courses\/programme-du-challenge-frejus\/#primaryimage","url":"https:\/\/challenge-frejus.com\/wp-content\/uploads\/sites\/58\/2023\/03\/danger.png","contentUrl":"https:\/\/challenge-frejus.com\/wp-content\/uploads\/sites\/58\/2023\/03\/danger.png"},{"@type":"BreadcrumbList","@id":"https:\/\/challenge-frejus.com\/fr\/information-sur-les-courses\/programme-du-challenge-frejus\/#breadcrumb","itemListElement":[{"@type":"ListItem","position":1,"name":"Home","item":"https:\/\/challenge-frejus.com\/fr\/"},{"@type":"ListItem","position":2,"name":"Information sur les courses","item":"https:\/\/challenge-frejus.com\/fr\/information-sur-les-courses\/"},{"@type":"ListItem","position":3,"name":"Programme du Challenge Fr\u00e9jus"}]},{"@type":"WebSite","@id":"https:\/\/challenge-frejus.com\/fr\/#website","url":"https:\/\/challenge-frejus.com\/fr\/","name":"Challenge Frejus","description":"We are triathlon","publisher":{"@id":"https:\/\/challenge-frejus.com\/fr\/#organization"},"potentialAction":[{"@type":"SearchAction","target":{"@type":"EntryPoint","urlTemplate":"https:\/\/challenge-frejus.com\/fr\/?s={search_term_string}"},"query-input":{"@type":"PropertyValueSpecification","valueRequired":true,"valueName":"search_term_string"}}],"inLanguage":"fr-FR"},{"@type":"Organization","@id":"https:\/\/challenge-frejus.com\/fr\/#organization","name":"Challenge Frejus","url":"https:\/\/challenge-frejus.com\/fr\/","logo":{"@type":"ImageObject","inLanguage":"fr-FR","@id":"https:\/\/challenge-frejus.com\/fr\/#\/schema\/logo\/image\/","url":"https:\/\/challenge-frejus.com\/wp-content\/uploads\/sites\/58\/2022\/11\/cf-horizontal-rgb-neg.png","contentUrl":"https:\/\/challenge-frejus.com\/wp-content\/uploads\/sites\/58\/2022\/11\/cf-horizontal-rgb-neg.png","width":1279,"height":356,"caption":"Challenge Frejus"},"image":{"@id":"https:\/\/challenge-frejus.com\/fr\/#\/schema\/logo\/image\/"},"sameAs":["https:\/\/www.facebook.com\/challengefrejus\/","https:\/\/www.instagram.com\/challengefrejus\/"]}]}},"_links":{"self":[{"href":"https:\/\/challenge-frejus.com\/fr\/wp-json\/wp\/v2\/pages\/1182"}],"collection":[{"href":"https:\/\/challenge-frejus.com\/fr\/wp-json\/wp\/v2\/pages"}],"about":[{"href":"https:\/\/challenge-frejus.com\/fr\/wp-json\/wp\/v2\/types\/page"}],"author":[{"embeddable":true,"href":"https:\/\/challenge-frejus.com\/fr\/wp-json\/wp\/v2\/users\/467"}],"replies":[{"embeddable":true,"href":"https:\/\/challenge-frejus.com\/fr\/wp-json\/wp\/v2\/comments?post=1182"}],"version-history":[{"count":10,"href":"https:\/\/challenge-frejus.com\/fr\/wp-json\/wp\/v2\/pages\/1182\/revisions"}],"predecessor-version":[{"id":1652,"href":"https:\/\/challenge-frejus.com\/fr\/wp-json\/wp\/v2\/pages\/1182\/revisions\/1652"}],"up":[{"embeddable":true,"href":"https:\/\/challenge-frejus.com\/fr\/wp-json\/wp\/v2\/pages\/1143"}],"wp:attachment":[{"href":"https:\/\/challenge-frejus.com\/fr\/wp-json\/wp\/v2\/media?parent=1182"}],"curies":[{"name":"wp","href":"https:\/\/api.w.org\/{rel}","templated":true}]}}